{"id":563,"date":"2025-08-20T15:06:47","date_gmt":"2025-08-20T15:06:47","guid":{"rendered":"https:\/\/cariahotel.com\/?post_type=product&#038;p=563"},"modified":"2025-08-22T08:28:28","modified_gmt":"2025-08-22T08:28:28","slug":"dalyana-nasil-gidilir","status":"publish","type":"product","link":"https:\/\/cariahotel.com\/en\/turlar\/dalyana-nasil-gidilir\/","title":{"rendered":"HOW TO GET TO DALYAN"},"content":{"rendered":"<p><iframe loading=\"lazy\" src=\"https:\/\/www.google.com\/maps\/d\/u\/0\/embed?mid=1MpVsn-gMlienLVTzYz4yUkz-vWfRyds&amp;ehbc=2E312F&amp;noprof=1\" width=\"1200\" height=\"600\"><\/iframe><\/p>","protected":false},"excerpt":{"rendered":"<p>Transportation to Dalyan by Air<\/p>\n<p>If you choose air travel to Dalyan, your destination should be Dalaman Airport. The availability of flights from many cities in Turkey, especially during the summer months when their number increases, makes Dalaman an attractive base for reaching Dalyan. Moreover, the distance between them is only 30 km, meaning you'll be just 25 minutes away. So, your holiday is just around the corner\u2026<\/p>\n<p>Taking a bus to Dalyan<\/p>\n<p>You will find many bus services to Dalyan from major cities like Istanbul, Ankara, or Izmir. When choosing among the different companies offering services, the most important thing to remember is to choose a bus heading towards Fethiye. This is because to reach Dalyan, you first need to go to Ortaca. Getting off the bus in Mu\u011fla city center and starting a new journey after a long bus trip would be tiring. The buses going to Fethiye will drop you off in Ortaca, and from there, a 15-minute minibus ride will take you to Dalyan. Getting between Ortaca and Dalyan is that easy.<\/p>\n<p>Driving to Dalyan with your own vehicle<\/p>\n<p>We have a few suggestions for travelers departing from Istanbul. Hop on a ferry. After arriving in Band\u0131rma or Yalova, follow the route through Manisa, \u0130zmir, Ayd\u0131n, Mu\u011fla, Marmaris, Dalaman, and K\u00f6yce\u011fiz. Don't be fooled by the \"Dalyan\" sign you'll see before reaching Ortaca; continue on to Ortaca, then turn towards Dalyan to complete your journey.<\/p>","protected":false},"featured_media":595,"template":"","meta":[],"product_brand":[],"product_cat":[70],"product_tag":[],"class_list":{"0":"post-563","1":"product","2":"type-product","3":"status-publish","4":"has-post-thumbnail","6":"product_cat-dalyani-kesfet","8":"first","9":"instock","10":"shipping-taxable","11":"product-type-simple"},"_links":{"self":[{"href":"https:\/\/cariahotel.com\/en\/wp-json\/wp\/v2\/product\/563","targetHints":{"allow":["GET"]}}],"collection":[{"href":"https:\/\/cariahotel.com\/en\/wp-json\/wp\/v2\/product"}],"about":[{"href":"https:\/\/cariahotel.com\/en\/wp-json\/wp\/v2\/types\/product"}],"wp:featuredmedia":[{"embeddable":true,"href":"https:\/\/cariahotel.com\/en\/wp-json\/wp\/v2\/media\/595"}],"wp:attachment":[{"href":"https:\/\/cariahotel.com\/en\/wp-json\/wp\/v2\/media?parent=563"}],"wp:term":[{"taxonomy":"product_brand","embeddable":true,"href":"https:\/\/cariahotel.com\/en\/wp-json\/wp\/v2\/product_brand?post=563"},{"taxonomy":"product_cat","embeddable":true,"href":"https:\/\/cariahotel.com\/en\/wp-json\/wp\/v2\/product_cat?post=563"},{"taxonomy":"product_tag","embeddable":true,"href":"https:\/\/cariahotel.com\/en\/wp-json\/wp\/v2\/product_tag?post=563"}],"curies":[{"name":"wp","href":"https:\/\/api.w.org\/{rel}","templated":true}]}}