{"id":570,"date":"2025-08-20T15:06:48","date_gmt":"2025-08-20T15:06:48","guid":{"rendered":"https:\/\/cariahotel.com\/?post_type=product&#038;p=570"},"modified":"2025-08-20T15:08:33","modified_gmt":"2025-08-20T15:08:33","slug":"yuvarlakcay","status":"publish","type":"product","link":"https:\/\/cariahotel.com\/en\/turlar\/yuvarlakcay\/","title":{"rendered":"YUVARLAK\u00c7AY"},"content":{"rendered":"","protected":false},"excerpt":{"rendered":"<p>Known as K\u00f6yce\u011fiz's \"cold paradise,\" Yuvarlak\u00e7ay, which maintains its water temperature at the same level year-round thanks to the melting snow from the foothills of Mount Sandras, is located 20 km from K\u00f6yce\u011fiz town center, in an area shown as 4.8 km on the map. Along this road, there are many restaurants, all of them beautiful. It's a magnificent place to visit, boasting swings that rival those of the most beautiful in Turkey. You can reach this exquisite natural wonder by turning off the K\u00f6yce\u011fiz-Ortaca road at the \"Beyobas\u0131\" junction and driving 15 km, or, for those coming from K\u00f6yce\u011fiz, by driving 12 km via the Zeytinalan\u0131 road. Those without a vehicle can reach this beauty by taking the minibuses that depart every half hour from K\u00f6yce\u011fiz town center.<br \/>\nYuvarlak\u00e7ay K\u00f6yce\u011fiz, whose fame has increased significantly in recent years thanks to social media posts, is a popular escape for those overwhelmed by the summer heat. Restaurants in the area offer opportunities for swinging and swimming. However, even dipping your feet in the water requires courage, let alone swimming. Even in summer, the water temperature is only 6-7 degrees Celsius. It's not possible to just jump in gradually. If you can jump in without thinking, you're good to go; otherwise, you'll give up after a few attempts.<br \/>\nAbout 200 years ago, the river flowing from the heart of \u00c7i\u00e7ek Baba Mountain to Lake K\u00f6yce\u011fiz dried up. The river, now submerged underground, subjected the local people who depended on its water to seven years of drought and poverty.<br \/>\nAs the days passed, the waters that had emerged from underground through the 'Topg\u00f6z\u00fc' spring, where cannons had been fired to blast it, began to flow with a gurgling sound. Rolling and rolling, bringing abundance, the waters reached Lake K\u00f6yce\u011fiz, where they took the name \"Yuvarlak\u00e7ay\".<\/p>","protected":false},"featured_media":659,"template":"","meta":[],"product_brand":[],"product_cat":[70],"product_tag":[],"class_list":{"0":"post-570","1":"product","2":"type-product","3":"status-publish","4":"has-post-thumbnail","6":"product_cat-dalyani-kesfet","8":"first","9":"instock","10":"shipping-taxable","11":"product-type-simple"},"_links":{"self":[{"href":"https:\/\/cariahotel.com\/en\/wp-json\/wp\/v2\/product\/570","targetHints":{"allow":["GET"]}}],"collection":[{"href":"https:\/\/cariahotel.com\/en\/wp-json\/wp\/v2\/product"}],"about":[{"href":"https:\/\/cariahotel.com\/en\/wp-json\/wp\/v2\/types\/product"}],"wp:featuredmedia":[{"embeddable":true,"href":"https:\/\/cariahotel.com\/en\/wp-json\/wp\/v2\/media\/659"}],"wp:attachment":[{"href":"https:\/\/cariahotel.com\/en\/wp-json\/wp\/v2\/media?parent=570"}],"wp:term":[{"taxonomy":"product_brand","embeddable":true,"href":"https:\/\/cariahotel.com\/en\/wp-json\/wp\/v2\/product_brand?post=570"},{"taxonomy":"product_cat","embeddable":true,"href":"https:\/\/cariahotel.com\/en\/wp-json\/wp\/v2\/product_cat?post=570"},{"taxonomy":"product_tag","embeddable":true,"href":"https:\/\/cariahotel.com\/en\/wp-json\/wp\/v2\/product_tag?post=570"}],"curies":[{"name":"wp","href":"https:\/\/api.w.org\/{rel}","templated":true}]}}