{"id":571,"date":"2025-08-20T15:06:48","date_gmt":"2025-08-20T15:06:48","guid":{"rendered":"https:\/\/cariahotel.com\/?post_type=product&#038;p=571"},"modified":"2025-08-20T15:08:33","modified_gmt":"2025-08-20T15:08:33","slug":"sulungur-golu","status":"publish","type":"product","link":"https:\/\/cariahotel.com\/en\/turlar\/sulungur-golu\/","title":{"rendered":"SULUNGUR LAKE"},"content":{"rendered":"","protected":false},"excerpt":{"rendered":"<p>Among the places to visit in Dalyan, S\u00fcl\u00fcng\u00fcr Lake stands out, showcasing a magnificent harmony of blue and green with its 1.5 kilometer width, 2 kilometer length, and approximately 10 meter depth. Primarily visited by photographers and nature lovers, a trip to S\u00fcl\u00fcng\u00fcr Lake offers a unique opportunity to witness the breathtaking sunset. Located near the Dalaman River, the lake's surroundings offer restaurants and cafes where you can enjoy delicious food while admiring the view.<\/p>\n<p>S\u00fcl\u00fcng\u00fcr Lake, with its magnificent scenery, offers a chance to explore its surroundings and witness the natural landscape up close while on your way to \u0130ztuzu Beach and Radar Hill. With its pine-covered shoreline, S\u00fcl\u00fcng\u00fcr Lake is truly integrated with nature, and you can enjoy a delicious breakfast sitting on the benches by the lake. Alternatively, you can have a picnic in the picnic areas around the lake, then take long walks or go cycling on the walking paths.<\/p>","protected":false},"featured_media":664,"template":"","meta":[],"product_brand":[],"product_cat":[70],"product_tag":[],"class_list":{"0":"post-571","1":"product","2":"type-product","3":"status-publish","4":"has-post-thumbnail","6":"product_cat-dalyani-kesfet","8":"first","9":"instock","10":"shipping-taxable","11":"product-type-simple"},"_links":{"self":[{"href":"https:\/\/cariahotel.com\/en\/wp-json\/wp\/v2\/product\/571","targetHints":{"allow":["GET"]}}],"collection":[{"href":"https:\/\/cariahotel.com\/en\/wp-json\/wp\/v2\/product"}],"about":[{"href":"https:\/\/cariahotel.com\/en\/wp-json\/wp\/v2\/types\/product"}],"wp:featuredmedia":[{"embeddable":true,"href":"https:\/\/cariahotel.com\/en\/wp-json\/wp\/v2\/media\/664"}],"wp:attachment":[{"href":"https:\/\/cariahotel.com\/en\/wp-json\/wp\/v2\/media?parent=571"}],"wp:term":[{"taxonomy":"product_brand","embeddable":true,"href":"https:\/\/cariahotel.com\/en\/wp-json\/wp\/v2\/product_brand?post=571"},{"taxonomy":"product_cat","embeddable":true,"href":"https:\/\/cariahotel.com\/en\/wp-json\/wp\/v2\/product_cat?post=571"},{"taxonomy":"product_tag","embeddable":true,"href":"https:\/\/cariahotel.com\/en\/wp-json\/wp\/v2\/product_tag?post=571"}],"curies":[{"name":"wp","href":"https:\/\/api.w.org\/{rel}","templated":true}]}}